{"id":112,"date":"2024-02-20T18:01:18","date_gmt":"2024-02-20T17:01:18","guid":{"rendered":"https:\/\/conciergerie-lesclesderouen.fr\/?page_id=112"},"modified":"2025-02-24T20:15:08","modified_gmt":"2025-02-24T19:15:08","slug":"nous-contacter","status":"publish","type":"page","link":"https:\/\/conciergerie-lesclesderouen.fr\/index.php\/nous-contacter\/","title":{"rendered":"Nous contacter"},"content":{"rendered":"<p>[et_pb_section fb_built=\u00a0\u00bb1&Prime; admin_label=\u00a0\u00bbHero Section\u00a0\u00bb _builder_version=\u00a0\u00bb4.24.2&Prime; _dynamic_attributes=\u00a0\u00bbbackground_image\u00a0\u00bb background_color=\u00a0\u00bb#b7b7b7&Prime; use_background_color_gradient=\u00a0\u00bbon\u00a0\u00bb background_color_gradient_direction=\u00a0\u00bb100deg\u00a0\u00bb background_color_gradient_stops=\u00a0\u00bb#6b73ff 0%|#000dff 100%\u00a0\u00bb background_color_gradient_start=\u00a0\u00bb#6b73ff\u00a0\u00bb background_color_gradient_end=\u00a0\u00bb#000dff\u00a0\u00bb background_image=\u00a0\u00bbhttps:\/\/conciergerie-lesclesderouen.fr\/wp-content\/uploads\/2024\/04\/Salon-conciergerie-les-cles&#8211;scaled.jpg\u00a0\u00bb background_size=\u00a0\u00bbstretch\u00a0\u00bb min_height=\u00a0\u00bb0px\u00a0\u00bb height=\u00a0\u00bb523px\u00a0\u00bb height_tablet=\u00a0\u00bb402px\u00a0\u00bb height_phone=\u00a0\u00bb388px\u00a0\u00bb height_last_edited=\u00a0\u00bbon|phone\u00a0\u00bb custom_padding=\u00a0\u00bb0%||0%||true|\u00a0\u00bb global_module=\u00a0\u00bb189&Prime; locked=\u00a0\u00bboff\u00a0\u00bb collapsed=\u00a0\u00bbon\u00a0\u00bb global_colors_info=\u00a0\u00bb{}\u00a0\u00bb][et_pb_row admin_label=\u00a0\u00bbHero Area\u00a0\u00bb _builder_version=\u00a0\u00bb4.24.1&Prime; background_size=\u00a0\u00bbinitial\u00a0\u00bb background_position=\u00a0\u00bbtop_left\u00a0\u00bb background_repeat=\u00a0\u00bbrepeat\u00a0\u00bb width=\u00a0\u00bb100%\u00a0\u00bb max_width=\u00a0\u00bb2560px\u00a0\u00bb module_alignment=\u00a0\u00bbcenter\u00a0\u00bb custom_margin=\u00a0\u00bb|auto||349px||\u00a0\u00bb custom_padding=\u00a0\u00bb||0px|0px||\u00a0\u00bb global_colors_info=\u00a0\u00bb{}\u00a0\u00bb][et_pb_column type=\u00a0\u00bb4_4&Prime; _builder_version=\u00a0\u00bb4.16&Prime; custom_padding=\u00a0\u00bb80px||80px|\u00a0\u00bb global_colors_info=\u00a0\u00bb{}\u00a0\u00bb custom_padding__hover=\u00a0\u00bb|||\u00a0\u00bb][et_pb_text _builder_version=\u00a0\u00bb4.25.0&Prime; _dynamic_attributes=\u00a0\u00bbcontent\u00a0\u00bb _module_preset=\u00a0\u00bbdefault\u00a0\u00bb header_2_font=\u00a0\u00bb|600|||||||\u00a0\u00bb header_2_text_align=\u00a0\u00bbcenter\u00a0\u00bb header_2_text_color=\u00a0\u00bb#FFFFFF\u00a0\u00bb header_2_font_size=\u00a0\u00bb51px\u00a0\u00bb header_2_font_size_tablet=\u00a0\u00bb36px\u00a0\u00bb header_2_font_size_phone=\u00a0\u00bb23px\u00a0\u00bb header_2_font_size_last_edited=\u00a0\u00bbon|phone\u00a0\u00bb global_colors_info=\u00a0\u00bb{}\u00a0\u00bb]@ET-DC@eyJkeW5hbWljIjp0cnVlLCJjb250ZW50IjoicG9zdF90aXRsZSIsInNldHRpbmdzIjp7ImJlZm9yZSI6IjxoMj4iLCJhZnRlciI6IjwvaDI+In19@[\/et_pb_text][\/et_pb_column][\/et_pb_row][\/et_pb_section][et_pb_section fb_built=\u00a0\u00bb1&Prime; _builder_version=\u00a0\u00bb4.24.2&Prime; _module_preset=\u00a0\u00bbdefault\u00a0\u00bb custom_padding=\u00a0\u00bb|0px||||\u00a0\u00bb global_colors_info=\u00a0\u00bb{}\u00a0\u00bb][et_pb_row _builder_version=\u00a0\u00bb4.24.2&Prime; _module_preset=\u00a0\u00bbdefault\u00a0\u00bb global_colors_info=\u00a0\u00bb{}\u00a0\u00bb][et_pb_column type=\u00a0\u00bb4_4&Prime; _builder_version=\u00a0\u00bb4.24.2&Prime; _module_preset=\u00a0\u00bbdefault\u00a0\u00bb global_colors_info=\u00a0\u00bb{}\u00a0\u00bb][et_pb_contact_form use_spam_service=\u00a0\u00bbon\u00a0\u00bb recaptcha_list=\u00a0\u00bbMaxime captcha|Maxime captcha-0&Prime; email=\u00a0\u00bbcontact@lesclesderouen.fr\u00a0\u00bb custom_message=\u00a0\u00bbBonjour Maxime,||et_pb_line_break_holder||||et_pb_line_break_holder||Tu viens de recevoir un message de %%name%%||et_pb_line_break_holder||||et_pb_line_break_holder||Son adresse email est %%email%%||et_pb_line_break_holder||||et_pb_line_break_holder||Son num\u00e9ro de t\u00e9l\u00e9phone est le %%phoneNumber%%||et_pb_line_break_holder||||et_pb_line_break_holder||Sa ville est %%city%%||et_pb_line_break_holder||||et_pb_line_break_holder||Le type de logement recherch\u00e9 est : %%accommodationType%%||et_pb_line_break_holder||||et_pb_line_break_holder||Le nombre de chambre est recherch\u00e9 est %%numberOfRooms%%||et_pb_line_break_holder||||et_pb_line_break_holder||Voici son message : %%message%%\u00a0\u00bb success_message=\u00a0\u00bbMerci pour votre message. Nous vous r\u00e9pondrons dans les meilleurs d\u00e9lais.\u00a0\u00bb submit_button_text=\u00a0\u00bbEnvoyer\u00a0\u00bb _builder_version=\u00a0\u00bb4.27.4&Prime; _module_preset=\u00a0\u00bbdefault\u00a0\u00bb _unique_id=\u00a0\u00bb4968d252-1482-438d-b847-78d82cd32fd5&Prime; custom_button=\u00a0\u00bbon\u00a0\u00bb button_text_size=\u00a0\u00bb14px\u00a0\u00bb button_text_color=\u00a0\u00bb#ffffff\u00a0\u00bb button_bg_color=\u00a0\u00bb#8b20bb\u00a0\u00bb button_border_width=\u00a0\u00bb12px\u00a0\u00bb button_border_color=\u00a0\u00bb#8b20bb\u00a0\u00bb button_letter_spacing=\u00a0\u00bb2px\u00a0\u00bb button_font=\u00a0\u00bbPoppins|600||on|||||\u00a0\u00bb button_icon=\u00a0\u00bb&#x24;||divi||400&Prime; hover_enabled=\u00a0\u00bb0&Prime; global_colors_info=\u00a0\u00bb{}\u00a0\u00bb sticky_enabled=\u00a0\u00bb0&Prime;][et_pb_contact_field field_id=\u00a0\u00bbname\u00a0\u00bb field_title=\u00a0\u00bbNom\u00a0\u00bb _builder_version=\u00a0\u00bb4.24.2&Prime; _module_preset=\u00a0\u00bbdefault\u00a0\u00bb global_colors_info=\u00a0\u00bb{}\u00a0\u00bb][\/et_pb_contact_field][et_pb_contact_field field_id=\u00a0\u00bbemail\u00a0\u00bb field_title=\u00a0\u00bbAdresse e-mail\u00a0\u00bb field_type=\u00a0\u00bbemail\u00a0\u00bb _builder_version=\u00a0\u00bb4.24.2&Prime; global_colors_info=\u00a0\u00bb{}\u00a0\u00bb button_text_size__hover_enabled=\u00a0\u00bboff\u00a0\u00bb button_one_text_size__hover_enabled=\u00a0\u00bboff\u00a0\u00bb button_two_text_size__hover_enabled=\u00a0\u00bboff\u00a0\u00bb button_text_color__hover_enabled=\u00a0\u00bboff\u00a0\u00bb button_one_text_color__hover_enabled=\u00a0\u00bboff\u00a0\u00bb button_two_text_color__hover_enabled=\u00a0\u00bboff\u00a0\u00bb button_border_width__hover_enabled=\u00a0\u00bboff\u00a0\u00bb button_one_border_width__hover_enabled=\u00a0\u00bboff\u00a0\u00bb button_two_border_width__hover_enabled=\u00a0\u00bboff\u00a0\u00bb button_border_color__hover_enabled=\u00a0\u00bboff\u00a0\u00bb button_one_border_color__hover_enabled=\u00a0\u00bboff\u00a0\u00bb button_two_border_color__hover_enabled=\u00a0\u00bboff\u00a0\u00bb button_border_radius__hover_enabled=\u00a0\u00bboff\u00a0\u00bb button_one_border_radius__hover_enabled=\u00a0\u00bboff\u00a0\u00bb button_two_border_radius__hover_enabled=\u00a0\u00bboff\u00a0\u00bb button_letter_spacing__hover_enabled=\u00a0\u00bboff\u00a0\u00bb button_one_letter_spacing__hover_enabled=\u00a0\u00bboff\u00a0\u00bb button_two_letter_spacing__hover_enabled=\u00a0\u00bboff\u00a0\u00bb button_bg_color__hover_enabled=\u00a0\u00bboff\u00a0\u00bb button_one_bg_color__hover_enabled=\u00a0\u00bboff\u00a0\u00bb button_two_bg_color__hover_enabled=\u00a0\u00bboff\u00a0\u00bb][\/et_pb_contact_field][et_pb_contact_field field_id=\u00a0\u00bbphoneNumber\u00a0\u00bb field_title=\u00a0\u00bbNum\u00e9ro de t\u00e9l\u00e9phone\u00a0\u00bb max_length=\u00a0\u00bb10&Prime; _builder_version=\u00a0\u00bb4.24.2&Prime; _module_preset=\u00a0\u00bbdefault\u00a0\u00bb global_colors_info=\u00a0\u00bb{}\u00a0\u00bb][\/et_pb_contact_field][et_pb_contact_field field_id=\u00a0\u00bbcity\u00a0\u00bb field_title=\u00a0\u00bbVille\u00a0\u00bb _builder_version=\u00a0\u00bb4.24.2&Prime; _module_preset=\u00a0\u00bbdefault\u00a0\u00bb global_colors_info=\u00a0\u00bb{}\u00a0\u00bb][\/et_pb_contact_field][et_pb_contact_field field_id=\u00a0\u00bbaccommodationType\u00a0\u00bb field_title=\u00a0\u00bbType de logement\u00a0\u00bb field_type=\u00a0\u00bbselect\u00a0\u00bb select_options=\u00a0\u00bb%91{%22value%22:%22Appartement%22,%22checked%22:0,%22dragID%22:-1},{%22dragID%22:0,%22value%22:%22Maison%22,%22checked%22:0}%93&Prime; required_mark=\u00a0\u00bboff\u00a0\u00bb _builder_version=\u00a0\u00bb4.24.2&Prime; _module_preset=\u00a0\u00bbdefault\u00a0\u00bb global_colors_info=\u00a0\u00bb{}\u00a0\u00bb][\/et_pb_contact_field][et_pb_contact_field field_id=\u00a0\u00bbnumberOfRooms\u00a0\u00bb field_title=\u00a0\u00bbNombre de chambres\u00a0\u00bb field_type=\u00a0\u00bbselect\u00a0\u00bb select_options=\u00a0\u00bb%91{%22value%22:%22Studio%22,%22checked%22:0,%22dragID%22:3},{%22value%22:%221%22,%22checked%22:0,%22dragID%22:-1},{%22dragID%22:0,%22value%22:%222%22,%22checked%22:0},{%22value%22:%223%22,%22checked%22:0,%22dragID%22:1},{%22dragID%22:2,%22value%22:%224 et +%22,%22checked%22:0}%93&Prime; required_mark=\u00a0\u00bboff\u00a0\u00bb _builder_version=\u00a0\u00bb4.25.0&Prime; _module_preset=\u00a0\u00bbdefault\u00a0\u00bb global_colors_info=\u00a0\u00bb{}\u00a0\u00bb][\/et_pb_contact_field][et_pb_contact_field field_id=\u00a0\u00bbmessage\u00a0\u00bb field_title=\u00a0\u00bbMessage\u00a0\u00bb field_type=\u00a0\u00bbtext\u00a0\u00bb fullwidth_field=\u00a0\u00bbon\u00a0\u00bb _builder_version=\u00a0\u00bb4.24.2&Prime; global_colors_info=\u00a0\u00bb{}\u00a0\u00bb button_text_size__hover_enabled=\u00a0\u00bboff\u00a0\u00bb button_one_text_size__hover_enabled=\u00a0\u00bboff\u00a0\u00bb button_two_text_size__hover_enabled=\u00a0\u00bboff\u00a0\u00bb button_text_color__hover_enabled=\u00a0\u00bboff\u00a0\u00bb button_one_text_color__hover_enabled=\u00a0\u00bboff\u00a0\u00bb button_two_text_color__hover_enabled=\u00a0\u00bboff\u00a0\u00bb button_border_width__hover_enabled=\u00a0\u00bboff\u00a0\u00bb button_one_border_width__hover_enabled=\u00a0\u00bboff\u00a0\u00bb button_two_border_width__hover_enabled=\u00a0\u00bboff\u00a0\u00bb button_border_color__hover_enabled=\u00a0\u00bboff\u00a0\u00bb button_one_border_color__hover_enabled=\u00a0\u00bboff\u00a0\u00bb button_two_border_color__hover_enabled=\u00a0\u00bboff\u00a0\u00bb button_border_radius__hover_enabled=\u00a0\u00bboff\u00a0\u00bb button_one_border_radius__hover_enabled=\u00a0\u00bboff\u00a0\u00bb button_two_border_radius__hover_enabled=\u00a0\u00bboff\u00a0\u00bb button_letter_spacing__hover_enabled=\u00a0\u00bboff\u00a0\u00bb button_one_letter_spacing__hover_enabled=\u00a0\u00bboff\u00a0\u00bb button_two_letter_spacing__hover_enabled=\u00a0\u00bboff\u00a0\u00bb button_bg_color__hover_enabled=\u00a0\u00bboff\u00a0\u00bb button_one_bg_color__hover_enabled=\u00a0\u00bboff\u00a0\u00bb button_two_bg_color__hover_enabled=\u00a0\u00bboff\u00a0\u00bb][\/et_pb_contact_field][\/et_pb_contact_form][\/et_pb_column][\/et_pb_row][et_pb_row column_structure=\u00a0\u00bb1_3,1_3,1_3&Prime; make_equal=\u00a0\u00bbon\u00a0\u00bb _builder_version=\u00a0\u00bb4.24.2&Prime; _module_preset=\u00a0\u00bbdefault\u00a0\u00bb width_tablet=\u00a0\u00bb\u00a0\u00bb width_phone=\u00a0\u00bb\u00a0\u00bb width_last_edited=\u00a0\u00bbon|desktop\u00a0\u00bb global_colors_info=\u00a0\u00bb{}\u00a0\u00bb][et_pb_column type=\u00a0\u00bb1_3&Prime; _builder_version=\u00a0\u00bb4.24.2&Prime; _module_preset=\u00a0\u00bbdefault\u00a0\u00bb custom_padding=\u00a0\u00bb20px||20px||false|false\u00a0\u00bb border_radii=\u00a0\u00bbon|16px|16px|16px|16px\u00a0\u00bb box_shadow_style=\u00a0\u00bbpreset1&Prime; global_colors_info=\u00a0\u00bb{}\u00a0\u00bb][et_pb_icon font_icon=\u00a0\u00bb&#xf095;||fa||900&Prime; icon_color=\u00a0\u00bb#898989&Prime; icon_width=\u00a0\u00bb38px\u00a0\u00bb _builder_version=\u00a0\u00bb4.24.2&Prime; _module_preset=\u00a0\u00bbdefault\u00a0\u00bb global_colors_info=\u00a0\u00bb{}\u00a0\u00bb][\/et_pb_icon][et_pb_text _builder_version=\u00a0\u00bb4.27.4&Prime; _module_preset=\u00a0\u00bbdefault\u00a0\u00bb text_text_color=\u00a0\u00bb#000000&Prime; text_font_size=\u00a0\u00bb19px\u00a0\u00bb global_colors_info=\u00a0\u00bb{}\u00a0\u00bb]<\/p>\n<p style=\"text-align: center;\"><strong>06 19 81 92 14<\/strong><\/p>\n<p>[\/et_pb_text][\/et_pb_column][et_pb_column type=\u00a0\u00bb1_3&Prime; _builder_version=\u00a0\u00bb4.24.2&Prime; _module_preset=\u00a0\u00bbdefault\u00a0\u00bb custom_padding=\u00a0\u00bb20px||20px||false|false\u00a0\u00bb border_radii=\u00a0\u00bbon|16px|16px|16px|16px\u00a0\u00bb box_shadow_style=\u00a0\u00bbpreset1&Prime; global_colors_info=\u00a0\u00bb{}\u00a0\u00bb][et_pb_icon font_icon=\u00a0\u00bb&#xf0e0;||fa||400&Prime; icon_color=\u00a0\u00bb#898989&Prime; icon_width=\u00a0\u00bb38px\u00a0\u00bb _builder_version=\u00a0\u00bb4.24.2&Prime; _module_preset=\u00a0\u00bbdefault\u00a0\u00bb global_colors_info=\u00a0\u00bb{}\u00a0\u00bb][\/et_pb_icon][et_pb_text _builder_version=\u00a0\u00bb4.25.0&Prime; _module_preset=\u00a0\u00bbdefault\u00a0\u00bb text_text_color=\u00a0\u00bb#000000&Prime; text_font_size=\u00a0\u00bb18px\u00a0\u00bb locked=\u00a0\u00bboff\u00a0\u00bb global_colors_info=\u00a0\u00bb{}\u00a0\u00bb]<\/p>\n<p style=\"text-align: center;\"><strong>contact@lesclesderouen.fr<\/strong><\/p>\n<p>[\/et_pb_text][\/et_pb_column][et_pb_column type=\u00a0\u00bb1_3&Prime; _builder_version=\u00a0\u00bb4.24.2&Prime; _module_preset=\u00a0\u00bbdefault\u00a0\u00bb custom_padding=\u00a0\u00bb20px||20px||false|false\u00a0\u00bb border_radii=\u00a0\u00bbon|16px|16px|16px|16px\u00a0\u00bb box_shadow_style=\u00a0\u00bbpreset1&Prime; global_colors_info=\u00a0\u00bb{}\u00a0\u00bb][et_pb_icon font_icon=\u00a0\u00bb&#xf3c5;||fa||900&Prime; icon_color=\u00a0\u00bb#898989&Prime; icon_width=\u00a0\u00bb38px\u00a0\u00bb _builder_version=\u00a0\u00bb4.24.2&Prime; _module_preset=\u00a0\u00bbdefault\u00a0\u00bb global_colors_info=\u00a0\u00bb{}\u00a0\u00bb][\/et_pb_icon][et_pb_text _builder_version=\u00a0\u00bb4.24.2&Prime; _module_preset=\u00a0\u00bbdefault\u00a0\u00bb text_text_color=\u00a0\u00bb#000000&Prime; text_font_size=\u00a0\u00bb18px\u00a0\u00bb locked=\u00a0\u00bboff\u00a0\u00bb global_colors_info=\u00a0\u00bb{}\u00a0\u00bb]<\/p>\n<p style=\"text-align: center;\"><strong>Seine-Maritime<\/strong><\/p>\n<p>[\/et_pb_text][\/et_pb_column][\/et_pb_row][\/et_pb_section]<\/p>\n","protected":false},"excerpt":{"rendered":"<p>06 19 81 92 14contact@lesclesderouen.frSeine-Maritime<\/p>\n","protected":false},"author":1,"featured_media":530,"parent":0,"menu_order":0,"comment_status":"closed","ping_status":"closed","template":"","meta":{"_acf_changed":false,"_et_pb_use_builder":"on","_et_pb_old_content":"","_et_gb_content_width":"","_monsterinsights_skip_tracking":false,"_monsterinsights_sitenote_active":false,"_monsterinsights_sitenote_note":"","_monsterinsights_sitenote_category":0,"footnotes":""},"class_list":["post-112","page","type-page","status-publish","has-post-thumbnail","hentry"],"acf":[],"yoast_head":"<!-- This site is optimized with the Yoast SEO plugin v27.6 - https:\/\/yoast.com\/product\/yoast-seo-wordpress\/ -->\n<title>Nous contacter - Conciergerie les cl\u00e9s de Rouen<\/title>\n<meta name=\"robots\" content=\"index, follow, max-snippet:-1, max-image-preview:large, max-video-preview:-1\" \/>\n<link rel=\"canonical\" href=\"https:\/\/conciergerie-lesclesderouen.fr\/index.php\/nous-contacter\/\" \/>\n<meta property=\"og:locale\" content=\"fr_FR\" \/>\n<meta property=\"og:type\" content=\"article\" \/>\n<meta property=\"og:title\" content=\"Nous contacter - Conciergerie les cl\u00e9s de Rouen\" \/>\n<meta property=\"og:description\" content=\"06 19 81 92 14contact@lesclesderouen.frSeine-Maritime\" \/>\n<meta property=\"og:url\" content=\"https:\/\/conciergerie-lesclesderouen.fr\/index.php\/nous-contacter\/\" \/>\n<meta property=\"og:site_name\" content=\"Conciergerie les cl\u00e9s de Rouen\" \/>\n<meta property=\"article:publisher\" content=\"https:\/\/www.facebook.com\/ConciergerieLesClesDeRouen\/\" \/>\n<meta property=\"article:modified_time\" content=\"2025-02-24T19:15:08+00:00\" \/>\n<meta property=\"og:image\" content=\"https:\/\/conciergerie-lesclesderouen.fr\/wp-content\/uploads\/2024\/04\/conciergerie-location-saisonniere-scaled.jpg\" \/>\n\t<meta property=\"og:image:width\" content=\"2560\" \/>\n\t<meta property=\"og:image:height\" content=\"1771\" \/>\n\t<meta property=\"og:image:type\" content=\"image\/jpeg\" \/>\n<meta name=\"twitter:card\" content=\"summary_large_image\" \/>\n<meta name=\"twitter:label1\" content=\"Dur\u00e9e de lecture estim\u00e9e\" \/>\n\t<meta name=\"twitter:data1\" content=\"6 minutes\" \/>\n<script type=\"application\/ld+json\" class=\"yoast-schema-graph\">{\"@context\":\"https:\\\/\\\/schema.org\",\"@graph\":[{\"@type\":\"WebPage\",\"@id\":\"https:\\\/\\\/conciergerie-lesclesderouen.fr\\\/index.php\\\/nous-contacter\\\/\",\"url\":\"https:\\\/\\\/conciergerie-lesclesderouen.fr\\\/index.php\\\/nous-contacter\\\/\",\"name\":\"Nous contacter - Conciergerie les cl\u00e9s de Rouen\",\"isPartOf\":{\"@id\":\"https:\\\/\\\/conciergerie-lesclesderouen.fr\\\/#website\"},\"primaryImageOfPage\":{\"@id\":\"https:\\\/\\\/conciergerie-lesclesderouen.fr\\\/index.php\\\/nous-contacter\\\/#primaryimage\"},\"image\":{\"@id\":\"https:\\\/\\\/conciergerie-lesclesderouen.fr\\\/index.php\\\/nous-contacter\\\/#primaryimage\"},\"thumbnailUrl\":\"https:\\\/\\\/conciergerie-lesclesderouen.fr\\\/wp-content\\\/uploads\\\/2024\\\/04\\\/conciergerie-location-saisonniere-scaled.jpg\",\"datePublished\":\"2024-02-20T17:01:18+00:00\",\"dateModified\":\"2025-02-24T19:15:08+00:00\",\"breadcrumb\":{\"@id\":\"https:\\\/\\\/conciergerie-lesclesderouen.fr\\\/index.php\\\/nous-contacter\\\/#breadcrumb\"},\"inLanguage\":\"fr-FR\",\"potentialAction\":[{\"@type\":\"ReadAction\",\"target\":[\"https:\\\/\\\/conciergerie-lesclesderouen.fr\\\/index.php\\\/nous-contacter\\\/\"]}]},{\"@type\":\"ImageObject\",\"inLanguage\":\"fr-FR\",\"@id\":\"https:\\\/\\\/conciergerie-lesclesderouen.fr\\\/index.php\\\/nous-contacter\\\/#primaryimage\",\"url\":\"https:\\\/\\\/conciergerie-lesclesderouen.fr\\\/wp-content\\\/uploads\\\/2024\\\/04\\\/conciergerie-location-saisonniere-scaled.jpg\",\"contentUrl\":\"https:\\\/\\\/conciergerie-lesclesderouen.fr\\\/wp-content\\\/uploads\\\/2024\\\/04\\\/conciergerie-location-saisonniere-scaled.jpg\",\"width\":2560,\"height\":1771},{\"@type\":\"BreadcrumbList\",\"@id\":\"https:\\\/\\\/conciergerie-lesclesderouen.fr\\\/index.php\\\/nous-contacter\\\/#breadcrumb\",\"itemListElement\":[{\"@type\":\"ListItem\",\"position\":1,\"name\":\"Accueil\",\"item\":\"https:\\\/\\\/conciergerie-lesclesderouen.fr\\\/\"},{\"@type\":\"ListItem\",\"position\":2,\"name\":\"Nous contacter\"}]},{\"@type\":\"WebSite\",\"@id\":\"https:\\\/\\\/conciergerie-lesclesderouen.fr\\\/#website\",\"url\":\"https:\\\/\\\/conciergerie-lesclesderouen.fr\\\/\",\"name\":\"Conciergerie Les Cl\u00e9s de Rouen\",\"description\":\"\",\"publisher\":{\"@id\":\"https:\\\/\\\/conciergerie-lesclesderouen.fr\\\/#organization\"},\"potentialAction\":[{\"@type\":\"SearchAction\",\"target\":{\"@type\":\"EntryPoint\",\"urlTemplate\":\"https:\\\/\\\/conciergerie-lesclesderouen.fr\\\/?s={search_term_string}\"},\"query-input\":{\"@type\":\"PropertyValueSpecification\",\"valueRequired\":true,\"valueName\":\"search_term_string\"}}],\"inLanguage\":\"fr-FR\"},{\"@type\":\"Organization\",\"@id\":\"https:\\\/\\\/conciergerie-lesclesderouen.fr\\\/#organization\",\"name\":\"Conciergerie Les Cl\u00e9s de Rouen\",\"url\":\"https:\\\/\\\/conciergerie-lesclesderouen.fr\\\/\",\"logo\":{\"@type\":\"ImageObject\",\"inLanguage\":\"fr-FR\",\"@id\":\"https:\\\/\\\/conciergerie-lesclesderouen.fr\\\/#\\\/schema\\\/logo\\\/image\\\/\",\"url\":\"https:\\\/\\\/conciergerie-lesclesderouen.fr\\\/wp-content\\\/uploads\\\/2024\\\/06\\\/logo-web-noir-fond-blanc-scaled.webp\",\"contentUrl\":\"https:\\\/\\\/conciergerie-lesclesderouen.fr\\\/wp-content\\\/uploads\\\/2024\\\/06\\\/logo-web-noir-fond-blanc-scaled.webp\",\"width\":2560,\"height\":2560,\"caption\":\"Conciergerie Les Cl\u00e9s de Rouen\"},\"image\":{\"@id\":\"https:\\\/\\\/conciergerie-lesclesderouen.fr\\\/#\\\/schema\\\/logo\\\/image\\\/\"},\"sameAs\":[\"https:\\\/\\\/www.facebook.com\\\/ConciergerieLesClesDeRouen\\\/\",\"https:\\\/\\\/www.instagram.com\\\/conciergerie_les_cles_de_rouen?igsh=MWhmdnp3dXNuZDlvNg&utm_source=qr\"]}]}<\/script>\n<!-- \/ Yoast SEO plugin. -->","yoast_head_json":{"title":"Nous contacter - Conciergerie les cl\u00e9s de Rouen","robots":{"index":"index","follow":"follow","max-snippet":"max-snippet:-1","max-image-preview":"max-image-preview:large","max-video-preview":"max-video-preview:-1"},"canonical":"https:\/\/conciergerie-lesclesderouen.fr\/index.php\/nous-contacter\/","og_locale":"fr_FR","og_type":"article","og_title":"Nous contacter - Conciergerie les cl\u00e9s de Rouen","og_description":"06 19 81 92 14contact@lesclesderouen.frSeine-Maritime","og_url":"https:\/\/conciergerie-lesclesderouen.fr\/index.php\/nous-contacter\/","og_site_name":"Conciergerie les cl\u00e9s de Rouen","article_publisher":"https:\/\/www.facebook.com\/ConciergerieLesClesDeRouen\/","article_modified_time":"2025-02-24T19:15:08+00:00","og_image":[{"width":2560,"height":1771,"url":"https:\/\/conciergerie-lesclesderouen.fr\/wp-content\/uploads\/2024\/04\/conciergerie-location-saisonniere-scaled.jpg","type":"image\/jpeg"}],"twitter_card":"summary_large_image","twitter_misc":{"Dur\u00e9e de lecture estim\u00e9e":"6 minutes"},"schema":{"@context":"https:\/\/schema.org","@graph":[{"@type":"WebPage","@id":"https:\/\/conciergerie-lesclesderouen.fr\/index.php\/nous-contacter\/","url":"https:\/\/conciergerie-lesclesderouen.fr\/index.php\/nous-contacter\/","name":"Nous contacter - Conciergerie les cl\u00e9s de Rouen","isPartOf":{"@id":"https:\/\/conciergerie-lesclesderouen.fr\/#website"},"primaryImageOfPage":{"@id":"https:\/\/conciergerie-lesclesderouen.fr\/index.php\/nous-contacter\/#primaryimage"},"image":{"@id":"https:\/\/conciergerie-lesclesderouen.fr\/index.php\/nous-contacter\/#primaryimage"},"thumbnailUrl":"https:\/\/conciergerie-lesclesderouen.fr\/wp-content\/uploads\/2024\/04\/conciergerie-location-saisonniere-scaled.jpg","datePublished":"2024-02-20T17:01:18+00:00","dateModified":"2025-02-24T19:15:08+00:00","breadcrumb":{"@id":"https:\/\/conciergerie-lesclesderouen.fr\/index.php\/nous-contacter\/#breadcrumb"},"inLanguage":"fr-FR","potentialAction":[{"@type":"ReadAction","target":["https:\/\/conciergerie-lesclesderouen.fr\/index.php\/nous-contacter\/"]}]},{"@type":"ImageObject","inLanguage":"fr-FR","@id":"https:\/\/conciergerie-lesclesderouen.fr\/index.php\/nous-contacter\/#primaryimage","url":"https:\/\/conciergerie-lesclesderouen.fr\/wp-content\/uploads\/2024\/04\/conciergerie-location-saisonniere-scaled.jpg","contentUrl":"https:\/\/conciergerie-lesclesderouen.fr\/wp-content\/uploads\/2024\/04\/conciergerie-location-saisonniere-scaled.jpg","width":2560,"height":1771},{"@type":"BreadcrumbList","@id":"https:\/\/conciergerie-lesclesderouen.fr\/index.php\/nous-contacter\/#breadcrumb","itemListElement":[{"@type":"ListItem","position":1,"name":"Accueil","item":"https:\/\/conciergerie-lesclesderouen.fr\/"},{"@type":"ListItem","position":2,"name":"Nous contacter"}]},{"@type":"WebSite","@id":"https:\/\/conciergerie-lesclesderouen.fr\/#website","url":"https:\/\/conciergerie-lesclesderouen.fr\/","name":"Conciergerie Les Cl\u00e9s de Rouen","description":"","publisher":{"@id":"https:\/\/conciergerie-lesclesderouen.fr\/#organization"},"potentialAction":[{"@type":"SearchAction","target":{"@type":"EntryPoint","urlTemplate":"https:\/\/conciergerie-lesclesderouen.fr\/?s={search_term_string}"},"query-input":{"@type":"PropertyValueSpecification","valueRequired":true,"valueName":"search_term_string"}}],"inLanguage":"fr-FR"},{"@type":"Organization","@id":"https:\/\/conciergerie-lesclesderouen.fr\/#organization","name":"Conciergerie Les Cl\u00e9s de Rouen","url":"https:\/\/conciergerie-lesclesderouen.fr\/","logo":{"@type":"ImageObject","inLanguage":"fr-FR","@id":"https:\/\/conciergerie-lesclesderouen.fr\/#\/schema\/logo\/image\/","url":"https:\/\/conciergerie-lesclesderouen.fr\/wp-content\/uploads\/2024\/06\/logo-web-noir-fond-blanc-scaled.webp","contentUrl":"https:\/\/conciergerie-lesclesderouen.fr\/wp-content\/uploads\/2024\/06\/logo-web-noir-fond-blanc-scaled.webp","width":2560,"height":2560,"caption":"Conciergerie Les Cl\u00e9s de Rouen"},"image":{"@id":"https:\/\/conciergerie-lesclesderouen.fr\/#\/schema\/logo\/image\/"},"sameAs":["https:\/\/www.facebook.com\/ConciergerieLesClesDeRouen\/","https:\/\/www.instagram.com\/conciergerie_les_cles_de_rouen?igsh=MWhmdnp3dXNuZDlvNg&utm_source=qr"]}]}},"_links":{"self":[{"href":"https:\/\/conciergerie-lesclesderouen.fr\/index.php\/wp-json\/wp\/v2\/pages\/112","targetHints":{"allow":["GET"]}}],"collection":[{"href":"https:\/\/conciergerie-lesclesderouen.fr\/index.php\/wp-json\/wp\/v2\/pages"}],"about":[{"href":"https:\/\/conciergerie-lesclesderouen.fr\/index.php\/wp-json\/wp\/v2\/types\/page"}],"author":[{"embeddable":true,"href":"https:\/\/conciergerie-lesclesderouen.fr\/index.php\/wp-json\/wp\/v2\/users\/1"}],"replies":[{"embeddable":true,"href":"https:\/\/conciergerie-lesclesderouen.fr\/index.php\/wp-json\/wp\/v2\/comments?post=112"}],"version-history":[{"count":35,"href":"https:\/\/conciergerie-lesclesderouen.fr\/index.php\/wp-json\/wp\/v2\/pages\/112\/revisions"}],"predecessor-version":[{"id":898,"href":"https:\/\/conciergerie-lesclesderouen.fr\/index.php\/wp-json\/wp\/v2\/pages\/112\/revisions\/898"}],"wp:featuredmedia":[{"embeddable":true,"href":"https:\/\/conciergerie-lesclesderouen.fr\/index.php\/wp-json\/wp\/v2\/media\/530"}],"wp:attachment":[{"href":"https:\/\/conciergerie-lesclesderouen.fr\/index.php\/wp-json\/wp\/v2\/media?parent=112"}],"curies":[{"name":"wp","href":"https:\/\/api.w.org\/{rel}","templated":true}]}}